{"id":189,"date":"2021-06-02T13:39:02","date_gmt":"2021-06-02T13:39:02","guid":{"rendered":"https:\/\/meblymandalas.com\/cursos\/?page_id=189"},"modified":"2021-06-22T17:32:06","modified_gmt":"2021-06-22T17:32:06","slug":"obrigada","status":"publish","type":"page","link":"https:\/\/meblymandalas.com\/cursos\/obrigada\/","title":{"rendered":"Obrigada!!"},"content":{"rendered":"\n<p style=\"font-size:18px\">Gratid\u00e3o por adquirir o Curso e Investir em <strong>voc\u00ea<\/strong>. Espero que essa ferramenta seja t\u00e3o poderosa na tua vida quanto foi (e tem sido) na minha!<\/p>\n\n\n\n<p>Teu acesso ser\u00e1 encaminhado diretamente para o e-mail que voc\u00ea cadastrou ao comprar o curso, mas qualquer d\u00favida ou problema pode entrar em contato comigo pelas redes sociais ou por <a rel=\"noreferrer noopener\" href=\"https:\/\/api.whatsapp.com\/send?phone=5548999845107\" target=\"_blank\">&gt;&gt;aqui&lt;&lt;<\/a>. <\/p>\n\n\n\n<div class=\"wp-block-cover has-background-dim\"><img fetchpriority=\"high\" decoding=\"async\" width=\"1080\" height=\"676\" class=\"wp-block-cover__image-background wp-image-192\" alt=\"\" src=\"https:\/\/meblymandalas.com\/cursos\/wp-content\/uploads\/2021\/06\/Screenshot_20190929-202752-edited.png\" data-object-fit=\"cover\" srcset=\"https:\/\/meblymandalas.com\/cursos\/wp-content\/uploads\/2021\/06\/Screenshot_20190929-202752-edited.png 1080w, https:\/\/meblymandalas.com\/cursos\/wp-content\/uploads\/2021\/06\/Screenshot_20190929-202752-edited-300x188.png 300w, https:\/\/meblymandalas.com\/cursos\/wp-content\/uploads\/2021\/06\/Screenshot_20190929-202752-edited-1024x641.png 1024w, https:\/\/meblymandalas.com\/cursos\/wp-content\/uploads\/2021\/06\/Screenshot_20190929-202752-edited-768x481.png 768w\" sizes=\"(max-width: 1080px) 100vw, 1080px\" \/><div class=\"wp-block-cover__inner-container is-layout-flow wp-block-cover-is-layout-flow\">\n<p class=\"has-text-align-center has-large-font-size\">Nos vemos na \u00e1rea de Alunos!<\/p>\n<\/div><\/div>\n\n\n\n<p><\/p>\n","protected":false},"excerpt":{"rendered":"<p>Gratid\u00e3o por adquirir o Curso e Investir em voc\u00ea. Espero que essa ferramenta seja t\u00e3o poderosa na tua vida quanto foi (e tem sido) na minha! Teu acesso ser\u00e1 encaminhado diretamente para o e-mail que voc\u00ea cadastrou ao comprar o curso, mas qualquer d\u00favida ou problema pode entrar em contato comigo pelas redes sociais ou [&hellip;]<\/p>\n","protected":false},"author":1,"featured_media":0,"parent":0,"menu_order":0,"comment_status":"closed","ping_status":"closed","template":"","meta":{"ocean_post_layout":"","ocean_both_sidebars_style":"","ocean_both_sidebars_content_width":0,"ocean_both_sidebars_sidebars_width":0,"ocean_sidebar":"0","ocean_second_sidebar":"0","ocean_disable_margins":"enable","ocean_add_body_class":"","ocean_shortcode_before_top_bar":"","ocean_shortcode_after_top_bar":"","ocean_shortcode_before_header":"","ocean_shortcode_after_header":"","ocean_has_shortcode":"","ocean_shortcode_after_title":"","ocean_shortcode_before_footer_widgets":"","ocean_shortcode_after_footer_widgets":"","ocean_shortcode_before_footer_bottom":"","ocean_shortcode_after_footer_bottom":"","ocean_display_top_bar":"default","ocean_display_header":"default","ocean_header_style":"","ocean_center_header_left_menu":"0","ocean_custom_header_template":"0","ocean_custom_logo":0,"ocean_custom_retina_logo":0,"ocean_custom_logo_max_width":0,"ocean_custom_logo_tablet_max_width":0,"ocean_custom_logo_mobile_max_width":0,"ocean_custom_logo_max_height":0,"ocean_custom_logo_tablet_max_height":0,"ocean_custom_logo_mobile_max_height":0,"ocean_header_custom_menu":"0","ocean_menu_typo_font_family":"0","ocean_menu_typo_font_subset":"","ocean_menu_typo_font_size":0,"ocean_menu_typo_font_size_tablet":0,"ocean_menu_typo_font_size_mobile":0,"ocean_menu_typo_font_size_unit":"px","ocean_menu_typo_font_weight":"","ocean_menu_typo_font_weight_tablet":"","ocean_menu_typo_font_weight_mobile":"","ocean_menu_typo_transform":"","ocean_menu_typo_transform_tablet":"","ocean_menu_typo_transform_mobile":"","ocean_menu_typo_line_height":0,"ocean_menu_typo_line_height_tablet":0,"ocean_menu_typo_line_height_mobile":0,"ocean_menu_typo_line_height_unit":"","ocean_menu_typo_spacing":0,"ocean_menu_typo_spacing_tablet":0,"ocean_menu_typo_spacing_mobile":0,"ocean_menu_typo_spacing_unit":"","ocean_menu_link_color":"","ocean_menu_link_color_hover":"","ocean_menu_link_color_active":"","ocean_menu_link_background":"","ocean_menu_link_hover_background":"","ocean_menu_link_active_background":"","ocean_menu_social_links_bg":"","ocean_menu_social_hover_links_bg":"","ocean_menu_social_links_color":"","ocean_menu_social_hover_links_color":"","ocean_disable_title":"default","ocean_disable_heading":"default","ocean_post_title":"","ocean_post_subheading":"","ocean_post_title_style":"","ocean_post_title_background_color":"","ocean_post_title_background":0,"ocean_post_title_bg_image_position":"","ocean_post_title_bg_image_attachment":"","ocean_post_title_bg_image_repeat":"","ocean_post_title_bg_image_size":"","ocean_post_title_height":0,"ocean_post_title_bg_overlay":0.5,"ocean_post_title_bg_overlay_color":"","ocean_disable_breadcrumbs":"default","ocean_breadcrumbs_color":"","ocean_breadcrumbs_separator_color":"","ocean_breadcrumbs_links_color":"","ocean_breadcrumbs_links_hover_color":"","ocean_display_footer_widgets":"default","ocean_display_footer_bottom":"default","ocean_custom_footer_template":"0","footnotes":""},"class_list":["post-189","page","type-page","status-publish","hentry","entry"],"_links":{"self":[{"href":"https:\/\/meblymandalas.com\/cursos\/wp-json\/wp\/v2\/pages\/189","targetHints":{"allow":["GET"]}}],"collection":[{"href":"https:\/\/meblymandalas.com\/cursos\/wp-json\/wp\/v2\/pages"}],"about":[{"href":"https:\/\/meblymandalas.com\/cursos\/wp-json\/wp\/v2\/types\/page"}],"author":[{"embeddable":true,"href":"https:\/\/meblymandalas.com\/cursos\/wp-json\/wp\/v2\/users\/1"}],"replies":[{"embeddable":true,"href":"https:\/\/meblymandalas.com\/cursos\/wp-json\/wp\/v2\/comments?post=189"}],"version-history":[{"count":3,"href":"https:\/\/meblymandalas.com\/cursos\/wp-json\/wp\/v2\/pages\/189\/revisions"}],"predecessor-version":[{"id":202,"href":"https:\/\/meblymandalas.com\/cursos\/wp-json\/wp\/v2\/pages\/189\/revisions\/202"}],"wp:attachment":[{"href":"https:\/\/meblymandalas.com\/cursos\/wp-json\/wp\/v2\/media?parent=189"}],"curies":[{"name":"wp","href":"https:\/\/api.w.org\/{rel}","templated":true}]}}